{"id":10,"date":"2026-02-27T09:07:22","date_gmt":"2026-02-27T09:07:22","guid":{"rendered":"https:\/\/serviciosweb.ccamilo.cursoceat.es\/?page_id=10"},"modified":"2026-03-09T11:52:33","modified_gmt":"2026-03-09T11:52:33","slug":"inicio","status":"publish","type":"page","link":"https:\/\/serviciosweb.ccamilo.cursoceat.es\/","title":{"rendered":"INICIO"},"content":{"rendered":"\t\t<div data-elementor-type=\"wp-page\" data-elementor-id=\"10\" class=\"elementor elementor-10\" data-elementor-post-type=\"page\">\n\t\t\t\t<div class=\"elementor-element elementor-element-f239cd7 e-con-full e-flex e-con e-parent\" data-id=\"f239cd7\" data-element_type=\"container\" data-e-type=\"container\">\n\t\t\t\t<div class=\"elementor-element elementor-element-4f9207b elementor-widget elementor-widget-video\" data-id=\"4f9207b\" data-element_type=\"widget\" data-e-type=\"widget\" data-settings=\"{&quot;video_type&quot;:&quot;hosted&quot;,&quot;mute&quot;:&quot;yes&quot;,&quot;loop&quot;:&quot;yes&quot;,&quot;autoplay&quot;:&quot;yes&quot;}\" data-widget_type=\"video.default\">\n\t\t\t\t\t\t\t<div class=\"e-hosted-video elementor-wrapper elementor-open-inline\">\n\t\t\t\t\t<video class=\"elementor-video\" src=\"https:\/\/serviciosweb.ccamilo.cursoceat.es\/wp-content\/uploads\/2026\/02\/WebFactoriaBiz_Baja.mp4\" autoplay=\"\" loop=\"\" muted=\"muted\" controlsList=\"nodownload\"><\/video>\n\t\t\t\t<\/div>\n\t\t\t\t\t\t<\/div>\n\t\t\t\t<\/div>\n\t\t<div class=\"elementor-element elementor-element-248b457 e-flex e-con-boxed e-con e-parent\" data-id=\"248b457\" data-element_type=\"container\" data-e-type=\"container\">\n\t\t\t\t\t<div class=\"e-con-inner\">\n\t\t\t\t<div class=\"elementor-element elementor-element-9b04b00 elementor-widget elementor-widget-text-editor\" data-id=\"9b04b00\" data-element_type=\"widget\" data-e-type=\"widget\" data-widget_type=\"text-editor.default\">\n\t\t\t\t\t\t\t\t\t<p>PARA STARTUPS Y EMPRESAS<\/p>\t\t\t\t\t\t\t\t<\/div>\n\t\t\t\t<div class=\"elementor-element elementor-element-511a17b elementor-widget elementor-widget-heading\" data-id=\"511a17b\" data-element_type=\"widget\" data-e-type=\"widget\" data-widget_type=\"heading.default\">\n\t\t\t\t\t<h2 class=\"elementor-heading-title elementor-size-default\">Proyectos\ndigitales de \n\u00e9xito<\/h2>\t\t\t\t<\/div>\n\t\t\t\t\t<\/div>\n\t\t\t\t<\/div>\n\t\t<div class=\"elementor-element elementor-element-fa4d2a5 e-flex e-con-boxed e-con e-parent\" data-id=\"fa4d2a5\" data-element_type=\"container\" data-e-type=\"container\">\n\t\t\t\t\t<div class=\"e-con-inner\">\n\t\t\t\t\t<\/div>\n\t\t\t\t<\/div>\n\t\t<div class=\"elementor-element elementor-element-d821b54 e-con-full e-flex e-con e-parent\" data-id=\"d821b54\" data-element_type=\"container\" data-e-type=\"container\">\n\t\t<div class=\"elementor-element elementor-element-7e9e375 e-con-full e-flex e-con e-child\" data-id=\"7e9e375\" data-element_type=\"container\" data-e-type=\"container\">\n\t\t\t\t<div class=\"elementor-element elementor-element-df0db68 elementor-widget elementor-widget-text-editor\" data-id=\"df0db68\" data-element_type=\"widget\" data-e-type=\"widget\" data-widget_type=\"text-editor.default\">\n\t\t\t\t\t\t\t\t\t<p>DE IDEAS A SOLUCIONES DIGITALES<\/p>\t\t\t\t\t\t\t\t<\/div>\n\t\t\t\t<div class=\"elementor-element elementor-element-1e41109 elementor-widget elementor-widget-heading\" data-id=\"1e41109\" data-element_type=\"widget\" data-e-type=\"widget\" data-widget_type=\"heading.default\">\n\t\t\t\t\t<h2 class=\"elementor-heading-title elementor-size-default\">De la buena \nidea a la \nsoluci\u00f3n\neficaz<\/h2>\t\t\t\t<\/div>\n\t\t\t\t<\/div>\n\t\t<div class=\"elementor-element elementor-element-5b31609 e-con-full e-flex e-con e-child\" data-id=\"5b31609\" data-element_type=\"container\" data-e-type=\"container\">\n\t\t\t\t<div class=\"elementor-element elementor-element-8da71bc elementor-widget__width-initial elementor-widget elementor-widget-text-editor\" data-id=\"8da71bc\" data-element_type=\"widget\" data-e-type=\"widget\" data-widget_type=\"text-editor.default\">\n\t\t\t\t\t\t\t\t\t<div id=\"message-body-1772621368312\" class=\"fui-Primitive ___1kwdjom fgokp8y\" tabindex=\"0\" role=\"group\" aria-labelledby=\"failure-status-1772621368312 tombstone-1772621368312 author-1772621368312 author-trust-label-1772621368312 sent-to-l1-1772621368312 importance-1772621368312 announcement-header-1772621368312 subject-line-1772621368312 content-1772621368312 adaptive-card-1772621368312 edited-1772621368312 attachments-1772621368312 timestamp-1772621368312 \" data-tabster=\"{&quot;groupper&quot;:{&quot;tabbability&quot;:2},&quot;observed&quot;:{&quot;names&quot;:[&quot;1772621368312&quot;]},&quot;restorer&quot;:{&quot;type&quot;:0}}\" data-shortcut-left-rail=\"true\" data-fui-focus-visible=\"\"><div class=\"fui-Flex ___6g6z580 f22iagw f1vx9l62 fvr32vk f1x0x07i\"><div class=\"fui-Flex r7802u9 ___12jwg5y ftuwxu6 f1vx9l62 f1q9h2pe f10kwr27 flypziy fchy9kd fgvoroj f1oy3dpc f1sil6mw f9ijwd5 ffv4pqs fgyim4x f14q3lsm f9jx4fs f19l72ij frnyhdv fkq5uzf fwl63ro f1095u94 fpbf6y8 fy6vjqu fuo4419 fxx2sug f12oply1 fvyt4us f4ki1i f1onj47y f1jrvuk2 f1vrwrd5 f1tandro ff3017q f15llbqz fsaoqmu fcdawxx f1uakdsb f18c6rdl f1ds0vd8 f2yyzyc f1sjbqdg fh1aahx f1g4vdt5 fbzygsp fyy2ueq f1s5r85c f1l4vs6e f10pjld0 fkavt01\" data-mid=\"1772621368312\" data-reply-chain-id=\"1772621368312\" data-testid=\"message-body-flex-wrapper\"><div class=\"fui-Primitive ___77lcry0 f10pi13n\"><div id=\"see-more-content-1772621368312\" class=\"fui-Primitive\" data-testid=\"see-more-content-1772621368312\"><div class=\"fui-Primitive\"><div id=\"content-1772621368312\" class=\"fui-Primitive\" dir=\"auto\" data-tid=\"message-body\" data-message-content=\"\"><p>La idea ya la tienes. Ahora necesitas un aliado con experiencia que te gu\u00ede por el camino que la hace realidad. En Factor\u00edaBIZ conocemos todas las tecnolog\u00edas a tu disposici\u00f3n y aplicamos un m\u00e9todo sencillo que nos lleve al \u00e9xito:<\/p><\/div><\/div><div class=\"fui-Primitive\"><div id=\"content-1772621368312\" class=\"fui-Primitive\" dir=\"auto\" data-tid=\"message-body\" data-message-content=\"\"><p>\u00a0<\/p><ol><li>Te escuchamos.<\/li><li>Definimos y seleccionamos las tecnolog\u00edas apropiadas.<\/li><li>Realizamos un an\u00e1lisis y dise\u00f1amos un prototipo.<\/li><li>Desarrollamos tu idea.<\/li><li>La ponemos a prueba y calibramos su potencial.<\/li><\/ol><p><br \/><br \/><\/p><\/div><\/div><div class=\"fui-Primitive\"><div id=\"content-1772621368312\" class=\"fui-Primitive\" dir=\"auto\" data-tid=\"message-body\" data-message-content=\"\"><p><strong>Despu\u00e9s llega el momento de lanzar tu proyecto al mundo real y ver c\u00f3mo crece naciendo en nuestra ciudad, la M\u00e1laga Tecnol\u00f3gica.<\/strong><\/p><\/div><\/div><\/div><div id=\"see-more-container\" class=\"fui-Flex ___1jsfdqt f22iagw fxugw4r\" data-testid=\"see-more-container\">\u00a0<\/div><\/div><\/div><\/div><div class=\"fui-Flex ___1f82lsw f22iagw f15yzfva f1xbjzol f19g0ac f10pi13n\" data-tid=\"channel-message-reaction-summary\"><div class=\"fui-Primitive ___x218rw0 f12haqzg\" data-tid=\"reactions-summary-item-renderer\">\u00a0<\/div><\/div><\/div>\t\t\t\t\t\t\t\t<\/div>\n\t\t\t\t<div class=\"elementor-element elementor-element-9226b8c elementor-widget elementor-widget-button\" data-id=\"9226b8c\" data-element_type=\"widget\" data-e-type=\"widget\" data-widget_type=\"button.default\">\n\t\t\t\t\t\t\t\t\t\t<a class=\"elementor-button elementor-button-link elementor-size-sm\" href=\"https:\/\/serviciosweb.ccamilo.cursoceat.es\/index.php\/servicios\/\">\n\t\t\t\t\t\t<span class=\"elementor-button-content-wrapper\">\n\t\t\t\t\t\t<span class=\"elementor-button-icon\">\n\t\t\t\t<svg aria-hidden=\"true\" class=\"e-font-icon-svg e-fas-long-arrow-alt-right\" viewBox=\"0 0 448 512\" xmlns=\"http:\/\/www.w3.org\/2000\/svg\"><path d=\"M313.941 216H12c-6.627 0-12 5.373-12 12v56c0 6.627 5.373 12 12 12h301.941v46.059c0 21.382 25.851 32.09 40.971 16.971l86.059-86.059c9.373-9.373 9.373-24.569 0-33.941l-86.059-86.059c-15.119-15.119-40.971-4.411-40.971 16.971V216z\"><\/path><\/svg>\t\t\t<\/span>\n\t\t\t\t\t\t\t\t\t<span class=\"elementor-button-text\">CONOCENOS <\/span>\n\t\t\t\t\t<\/span>\n\t\t\t\t\t<\/a>\n\t\t\t\t\t\t\t\t<\/div>\n\t\t\t\t<\/div>\n\t\t\t\t<\/div>\n\t\t<div class=\"elementor-element elementor-element-39df758 e-con-full e-flex e-con e-parent\" data-id=\"39df758\" data-element_type=\"container\" data-e-type=\"container\">\n\t\t<div class=\"elementor-element elementor-element-2155357 e-con-full e-flex e-con e-child\" data-id=\"2155357\" data-element_type=\"container\" data-e-type=\"container\">\n\t\t<div class=\"elementor-element elementor-element-6899c1b e-con-full e-flex e-con e-child\" data-id=\"6899c1b\" data-element_type=\"container\" data-e-type=\"container\" data-settings=\"{&quot;background_background&quot;:&quot;classic&quot;}\">\n\t\t\t\t<div class=\"elementor-element elementor-element-72eb798 elementor-widget elementor-widget-text-editor\" data-id=\"72eb798\" data-element_type=\"widget\" data-e-type=\"widget\" data-widget_type=\"text-editor.default\">\n\t\t\t\t\t\t\t\t\t<p>EMPRENDEDORES\/STARTUPS<\/p>\t\t\t\t\t\t\t\t<\/div>\n\t\t\t\t<div class=\"elementor-element elementor-element-4da52d8 elementor-widget elementor-widget-heading\" data-id=\"4da52d8\" data-element_type=\"widget\" data-e-type=\"widget\" data-widget_type=\"heading.default\">\n\t\t\t\t\t<h1 class=\"elementor-heading-title elementor-size-default\">Desarrollamos tu plan con\nun producto digital a medida.<\/h1>\t\t\t\t<\/div>\n\t\t\t\t<div class=\"elementor-element elementor-element-157b587 elementor-widget elementor-widget-button\" data-id=\"157b587\" data-element_type=\"widget\" data-e-type=\"widget\" data-widget_type=\"button.default\">\n\t\t\t\t\t\t\t\t\t\t<a class=\"elementor-button elementor-button-link elementor-size-sm\" href=\"#\">\n\t\t\t\t\t\t<span class=\"elementor-button-content-wrapper\">\n\t\t\t\t\t\t\t\t\t<span class=\"elementor-button-text\">ACTIVA TU IDEA<\/span>\n\t\t\t\t\t<\/span>\n\t\t\t\t\t<\/a>\n\t\t\t\t\t\t\t\t<\/div>\n\t\t\t\t<\/div>\n\t\t<div class=\"elementor-element elementor-element-e399065 e-con-full e-flex e-con e-child\" data-id=\"e399065\" data-element_type=\"container\" data-e-type=\"container\" data-settings=\"{&quot;background_background&quot;:&quot;classic&quot;}\">\n\t\t\t\t<div class=\"elementor-element elementor-element-525a6d0 elementor-widget elementor-widget-text-editor\" data-id=\"525a6d0\" data-element_type=\"widget\" data-e-type=\"widget\" data-widget_type=\"text-editor.default\">\n\t\t\t\t\t\t\t\t\t<p>EMPRESAS<\/p>\t\t\t\t\t\t\t\t<\/div>\n\t\t\t\t<div class=\"elementor-element elementor-element-3870977 elementor-widget elementor-widget-heading\" data-id=\"3870977\" data-element_type=\"widget\" data-e-type=\"widget\" data-widget_type=\"heading.default\">\n\t\t\t\t\t<h1 class=\"elementor-heading-title elementor-size-default\">Dise\u00f1amos tecnolog\u00eda de gesti\u00f3n para impulsar tu negocio.<\/h1>\t\t\t\t<\/div>\n\t\t\t\t<div class=\"elementor-element elementor-element-05fa703 elementor-widget elementor-widget-button\" data-id=\"05fa703\" data-element_type=\"widget\" data-e-type=\"widget\" data-widget_type=\"button.default\">\n\t\t\t\t\t\t\t\t\t\t<a class=\"elementor-button elementor-button-link elementor-size-sm\" href=\"#\">\n\t\t\t\t\t\t<span class=\"elementor-button-content-wrapper\">\n\t\t\t\t\t\t\t\t\t<span class=\"elementor-button-text\">ACTIVA TU IDEA<\/span>\n\t\t\t\t\t<\/span>\n\t\t\t\t\t<\/a>\n\t\t\t\t\t\t\t\t<\/div>\n\t\t\t\t<\/div>\n\t\t\t\t<\/div>\n\t\t\t\t<\/div>\n\t\t<div class=\"elementor-element elementor-element-1f3577c e-con-full e-flex e-con e-parent\" data-id=\"1f3577c\" data-element_type=\"container\" data-e-type=\"container\">\n\t\t\t\t<div class=\"elementor-element elementor-element-7eb9866 elementor--h-position-left elementor--v-position-middle elementor-arrows-position-inside elementor-pagination-position-inside elementor-widget elementor-widget-slides\" data-id=\"7eb9866\" data-element_type=\"widget\" data-e-type=\"widget\" data-settings=\"{&quot;navigation&quot;:&quot;both&quot;,&quot;autoplay&quot;:&quot;yes&quot;,&quot;pause_on_hover&quot;:&quot;yes&quot;,&quot;pause_on_interaction&quot;:&quot;yes&quot;,&quot;autoplay_speed&quot;:5000,&quot;infinite&quot;:&quot;yes&quot;,&quot;transition&quot;:&quot;slide&quot;,&quot;transition_speed&quot;:500}\" data-widget_type=\"slides.default\">\n\t\t\t\t\t\t\t\t\t\t<div class=\"elementor-slides-wrapper elementor-main-swiper swiper\" role=\"region\" aria-roledescription=\"carousel\" aria-label=\"carrusel\" dir=\"ltr\" data-animation=\"fadeInUp\">\n\t\t\t\t<div class=\"swiper-wrapper elementor-slides\">\n\t\t\t\t\t\t\t\t\t\t<div class=\"elementor-repeater-item-08f9381 swiper-slide\" role=\"group\" aria-roledescription=\"slide\"><div class=\"swiper-slide-bg\" role=\"img\" aria-label=\"first-big.png\"><\/div><div class=\"swiper-slide-inner\" ><div class=\"swiper-slide-contents\"><div class=\"elementor-slide-heading\">Plataforma web<\/div><div class=\"elementor-slide-description\"><style>\n.lista-servicios {\n  list-style: none;\n  padding: 0;\n  margin: 20px 0;\n  display: grid;\n  grid-template-columns: repeat(4, auto);\n  gap: 10px 30px;\n}\n\n.lista-servicios li {\n  color: #ffffff;\n  font-size: 16px;\n  font-weight: 500;\n}\n\n.lista-servicios li::before {\n  content: \"\u25c6\";\n  color: #f5b400;\n  margin-right: 8px;\n  font-size: 12px;\n}\n<\/style>\nCreamos apps m\u00f3viles en c\u00f3digo nativo para iOS y Android. Te acompa\u00f1amos en todo el proceso: an\u00e1lisis, prototipado (UX), dise\u00f1o (UI), programaci\u00f3n y gesti\u00f3n de la app en Apple Store y Google Play.\n<br>\n<br>\n<br>\nRealizamos dise\u00f1o y programaci\u00f3n a medida para ofrecer a tu empresa o startup un producto digital \u00fanico en el mercado.\n<br>\n<br>\n<ul class=\"lista-servicios\">\n  <li>Marketplace<\/li>\n  <li>Audio \/ Video<\/li>\n  <li>Red social<\/li>\n  <li>Reservas<\/li>\n  <li>Anuncios<\/li>\n  <li>Educativas<\/li>\n  <li>Bienestar y salud<\/li>\n  <li>Servicios<\/li>\n<\/ul><\/div><div  class=\"elementor-button elementor-slide-button elementor-size-sm\">VER DETALLER<\/div><\/div><\/div><\/div><div class=\"elementor-repeater-item-8a50bf8 swiper-slide\" role=\"group\" aria-roledescription=\"slide\"><div class=\"swiper-slide-bg\" role=\"img\" aria-label=\"segundo-slide\"><\/div><div class=\"swiper-slide-inner\" ><div class=\"swiper-slide-contents\"><div class=\"elementor-slide-heading\">Apps m\u00f3viles<\/div><div class=\"elementor-slide-description\"><style>\n.lista-servicios {\n  list-style: none;\n  padding: 0;\n  margin: 20px 0;\n  display: grid;\n  grid-template-columns: repeat(4, auto);\n  gap: 10px 30px;\n}\n\n.lista-servicios li {\n  color: #ffffff;\n  font-size: 16px;\n  font-weight: 500;\n}\n\n.lista-servicios li::before {\n  content: \"\u25c6\";\n  color: #f5b400;\n  margin-right: 8px;\n  font-size: 12px;\n}\n<\/style>\nCreamos apps m\u00f3viles en c\u00f3digo nativo para iOS y Android. Te acompa\u00f1amos en todo el proceso: an\u00e1lisis, prototipado (UX), dise\u00f1o (UI), programaci\u00f3n y gesti\u00f3n de la app en Apple Store y Google Play.\n<br>\n<br>\n<ul class=\"lista-servicios\">\n  <li>Marketplace<\/li>\n  <li>Audio \/ Video<\/li>\n  <li>Red social<\/li>\n  <li>Reservas<\/li>\n  <li>Anuncios<\/li>\n  <li>Educativas<\/li>\n  <li>Bienestar y salud<\/li>\n  <li>Servicios<\/li>\n<\/ul><\/div><div  class=\"elementor-button elementor-slide-button elementor-size-sm\">VER DETALLER<\/div><\/div><\/div><\/div><div class=\"elementor-repeater-item-d9ed1f0 swiper-slide\" role=\"group\" aria-roledescription=\"slide\"><div class=\"swiper-slide-bg\" role=\"img\" aria-label=\"tercer-slide\"><\/div><div class=\"swiper-slide-inner\" ><div class=\"swiper-slide-contents\"><div class=\"elementor-slide-heading\">Aplicaciones de gesti\u00f3n<\/div><div class=\"elementor-slide-description\"><style>\n.lista-servicios {\n  list-style: none;\n  padding: 0;\n  margin: 20px 0;\n  display: grid;\n  grid-template-columns: repeat(4, auto);\n  gap: 10px 30px;\n}\n\n.lista-servicios li {\n  color: #ffffff;\n  font-size: 16px;\n  font-weight: 500;\n}\n\n.lista-servicios li::before {\n  content: \"\u25c6\";\n  color: #f5b400;\n  margin-right: 8px;\n  font-size: 12px;\n}\n<\/style>\nDesarrollamos aplicaciones a medida para la gesti\u00f3n eficiente de los procesos de negocio. Trabajamos con la mejor tecnolog\u00eda para ofrecer una soluci\u00f3n personalizada y escalable.\n<br>\n<br>\nOfrecemos soluciones a los problemas de gesti\u00f3n en forma de aplicaci\u00f3n web o software en cloud multiplataforma.\n<br>\n<br>\n<ul class=\"lista-servicios\">\n  <li>ERP<\/li>\n  <li>CRM<\/li>\n  <li>Intranet<\/li>\n  <li>Reservas<\/li>\n  <li>Proyectos<\/li>\n  <li>Formaci\u00f3n<\/li>\n  <li>Estad\u00edsticas<\/li>\n  <li>Servicios<\/li>\n<\/ul><\/div><div  class=\"elementor-button elementor-slide-button elementor-size-sm\">VER DETALLER<\/div><\/div><\/div><\/div>\t\t\t\t<\/div>\n\t\t\t\t\t\t\t\t\t\t\t\t\t\t\t<div class=\"elementor-swiper-button elementor-swiper-button-prev\" role=\"button\" tabindex=\"0\" aria-label=\"Previous slide\">\n\t\t\t\t\t\t\t<svg aria-hidden=\"true\" class=\"e-font-icon-svg e-eicon-chevron-left\" viewBox=\"0 0 1000 1000\" xmlns=\"http:\/\/www.w3.org\/2000\/svg\"><path d=\"M646 125C629 125 613 133 604 142L308 442C296 454 292 471 292 487 292 504 296 521 308 533L604 854C617 867 629 875 646 875 663 875 679 871 692 858 704 846 713 829 713 812 713 796 708 779 692 767L438 487 692 225C700 217 708 204 708 187 708 171 704 154 692 142 675 129 663 125 646 125Z\"><\/path><\/svg>\t\t\t\t\t\t<\/div>\n\t\t\t\t\t\t<div class=\"elementor-swiper-button elementor-swiper-button-next\" role=\"button\" tabindex=\"0\" aria-label=\"Next slide\">\n\t\t\t\t\t\t\t<svg aria-hidden=\"true\" class=\"e-font-icon-svg e-eicon-chevron-right\" viewBox=\"0 0 1000 1000\" xmlns=\"http:\/\/www.w3.org\/2000\/svg\"><path d=\"M696 533C708 521 713 504 713 487 713 471 708 454 696 446L400 146C388 133 375 125 354 125 338 125 325 129 313 142 300 154 292 171 292 187 292 204 296 221 308 233L563 492 304 771C292 783 288 800 288 817 288 833 296 850 308 863 321 871 338 875 354 875 371 875 388 867 400 854L696 533Z\"><\/path><\/svg>\t\t\t\t\t\t<\/div>\n\t\t\t\t\t\t\t\t\t\t\t\t\t\t\t\t<div class=\"swiper-pagination\"><\/div>\n\t\t\t\t\t\t\t\t\t\t\t\t<\/div>\n\t\t\t\t\t\t\t\t<\/div>\n\t\t\t\t<\/div>\n\t\t<div class=\"elementor-element elementor-element-5e7aef6 e-con-full e-flex e-con e-parent\" data-id=\"5e7aef6\" data-element_type=\"container\" data-e-type=\"container\">\n\t\t\t\t<div class=\"elementor-element elementor-element-ace4ebe elementor-widget elementor-widget-image\" data-id=\"ace4ebe\" data-element_type=\"widget\" data-e-type=\"widget\" data-widget_type=\"image.default\">\n\t\t\t\t\t\t\t\t\t\t\t\t\t\t\t<img fetchpriority=\"high\" decoding=\"async\" width=\"2034\" height=\"1294\" src=\"https:\/\/serviciosweb.ccamilo.cursoceat.es\/wp-content\/uploads\/2026\/03\/cliente-satisfecho.webp\" class=\"attachment-full size-full wp-image-159\" alt=\"\" srcset=\"https:\/\/serviciosweb.ccamilo.cursoceat.es\/wp-content\/uploads\/2026\/03\/cliente-satisfecho.webp 2034w, https:\/\/serviciosweb.ccamilo.cursoceat.es\/wp-content\/uploads\/2026\/03\/cliente-satisfecho-300x191.webp 300w, https:\/\/serviciosweb.ccamilo.cursoceat.es\/wp-content\/uploads\/2026\/03\/cliente-satisfecho-1024x651.webp 1024w, https:\/\/serviciosweb.ccamilo.cursoceat.es\/wp-content\/uploads\/2026\/03\/cliente-satisfecho-768x489.webp 768w, https:\/\/serviciosweb.ccamilo.cursoceat.es\/wp-content\/uploads\/2026\/03\/cliente-satisfecho-1536x977.webp 1536w\" sizes=\"(max-width: 2034px) 100vw, 2034px\" \/>\t\t\t\t\t\t\t\t\t\t\t\t\t\t\t<\/div>\n\t\t\t\t<\/div>\n\t\t<div class=\"elementor-element elementor-element-4958c0a0 e-con-full e-flex e-con e-parent\" data-id=\"4958c0a0\" data-element_type=\"container\" data-e-type=\"container\" data-settings=\"{&quot;background_background&quot;:&quot;classic&quot;}\">\n\t\t\t\t<div class=\"elementor-element elementor-element-704564b elementor-widget elementor-widget-heading\" data-id=\"704564b\" data-element_type=\"widget\" data-e-type=\"widget\" data-widget_type=\"heading.default\">\n\t\t\t\t\t<h2 class=\"elementor-heading-title elementor-size-default\">\u00bf Hablamos ?<\/h2>\t\t\t\t<\/div>\n\t\t\t\t<div class=\"elementor-element elementor-element-541879b elementor-button-align-center elementor-widget__width-initial elementor-widget elementor-widget-form\" data-id=\"541879b\" data-element_type=\"widget\" data-e-type=\"widget\" id=\"hablamos\" data-settings=\"{&quot;step_next_label&quot;:&quot;Next&quot;,&quot;step_previous_label&quot;:&quot;Previous&quot;,&quot;button_width&quot;:&quot;50&quot;,&quot;motion_fx_motion_fx_mouse&quot;:&quot;yes&quot;,&quot;motion_fx_tilt_effect&quot;:&quot;yes&quot;,&quot;motion_fx_tilt_speed&quot;:{&quot;unit&quot;:&quot;px&quot;,&quot;size&quot;:0.5,&quot;sizes&quot;:[]},&quot;step_type&quot;:&quot;number_text&quot;,&quot;step_icon_shape&quot;:&quot;circle&quot;}\" data-widget_type=\"form.default\">\n\t\t\t\t\t\t\t<form class=\"elementor-form\" method=\"post\" name=\"Contacto\" aria-label=\"Contacto\">\n\t\t\t<input type=\"hidden\" name=\"post_id\" value=\"10\"\/>\n\t\t\t<input type=\"hidden\" name=\"form_id\" value=\"541879b\"\/>\n\t\t\t<input type=\"hidden\" name=\"referer_title\" value=\"\" \/>\n\n\t\t\t\n\t\t\t<div class=\"elementor-form-fields-wrapper elementor-labels-above\">\n\t\t\t\t\t\t\t\t<div class=\"elementor-field-type-text elementor-field-group elementor-column elementor-field-group-name elementor-col-100\">\n\t\t\t\t\t\t\t\t\t\t\t\t\t<input size=\"1\" type=\"text\" name=\"form_fields[name]\" id=\"form-field-name\" class=\"elementor-field elementor-size-sm  elementor-field-textual\" placeholder=\"\u00bf Como te llamas ?\">\n\t\t\t\t\t\t\t\t\t\t\t<\/div>\n\t\t\t\t\t\t\t\t<div class=\"elementor-field-type-email elementor-field-group elementor-column elementor-field-group-email elementor-col-50 elementor-field-required\">\n\t\t\t\t\t\t\t\t\t\t\t\t\t<input size=\"1\" type=\"email\" name=\"form_fields[email]\" id=\"form-field-email\" class=\"elementor-field elementor-size-sm  elementor-field-textual\" placeholder=\"Tu correo electronico\" required=\"required\">\n\t\t\t\t\t\t\t\t\t\t\t<\/div>\n\t\t\t\t\t\t\t\t<div class=\"elementor-field-type-tel elementor-field-group elementor-column elementor-field-group-field_26235f5 elementor-col-50 elementor-field-required\">\n\t\t\t\t\t\t\t<input size=\"1\" type=\"tel\" name=\"form_fields[field_26235f5]\" id=\"form-field-field_26235f5\" class=\"elementor-field elementor-size-sm  elementor-field-textual\" placeholder=\"Tu tel\u00e9fono \" required=\"required\" pattern=\"[0-9()#&amp;+*-=.]+\" title=\"Only numbers and phone characters (#, -, *, etc) are accepted.\">\n\n\t\t\t\t\t\t<\/div>\n\t\t\t\t\t\t\t\t<div class=\"elementor-field-type-text elementor-field-group elementor-column elementor-field-group-field_a05cadd elementor-col-100\">\n\t\t\t\t\t\t\t\t\t\t\t\t\t<input size=\"1\" type=\"text\" name=\"form_fields[field_a05cadd]\" id=\"form-field-field_a05cadd\" class=\"elementor-field elementor-size-sm  elementor-field-textual\" placeholder=\"Tu empresa\">\n\t\t\t\t\t\t\t\t\t\t\t<\/div>\n\t\t\t\t\t\t\t\t<div class=\"elementor-field-type-textarea elementor-field-group elementor-column elementor-field-group-message elementor-col-100\">\n\t\t\t\t\t<textarea class=\"elementor-field-textual elementor-field  elementor-size-sm\" name=\"form_fields[message]\" id=\"form-field-message\" rows=\"4\" placeholder=\"\u00bf En que puedo ayudarte ?\"><\/textarea>\t\t\t\t<\/div>\n\t\t\t\t\t\t\t\t<div class=\"elementor-field-type-acceptance elementor-field-group elementor-column elementor-field-group-field_85dc5b9 elementor-col-50\">\n\t\t\t\t\t\t\t<div class=\"elementor-field-subgroup\">\n\t\t\t<span class=\"elementor-field-option\">\n\t\t\t\t<input type=\"checkbox\" name=\"form_fields[field_85dc5b9]\" id=\"form-field-field_85dc5b9\" class=\"elementor-field elementor-size-sm  elementor-acceptance-field\">\n\t\t\t\t<label for=\"form-field-field_85dc5b9\">Acepto las <a href=\"https:\/\/www.aepd.es\/\">pol\u00edticas de privacidad<\/a><\/label>\t\t\t<\/span>\n\t\t<\/div>\n\t\t\t\t\t\t<\/div>\n\t\t\t\t\t\t\t\t<div class=\"elementor-field-group elementor-column elementor-field-type-submit elementor-col-50 e-form__buttons\">\n\t\t\t\t\t<button class=\"elementor-button elementor-size-sm\" type=\"submit\">\n\t\t\t\t\t\t<span class=\"elementor-button-content-wrapper\">\n\t\t\t\t\t\t\t\t\t\t\t\t\t\t\t<span class=\"elementor-button-icon\">\n\t\t\t\t\t\t\t\t\t<svg aria-hidden=\"true\" class=\"e-font-icon-svg e-fas-long-arrow-alt-right\" viewBox=\"0 0 448 512\" xmlns=\"http:\/\/www.w3.org\/2000\/svg\"><path d=\"M313.941 216H12c-6.627 0-12 5.373-12 12v56c0 6.627 5.373 12 12 12h301.941v46.059c0 21.382 25.851 32.09 40.971 16.971l86.059-86.059c9.373-9.373 9.373-24.569 0-33.941l-86.059-86.059c-15.119-15.119-40.971-4.411-40.971 16.971V216z\"><\/path><\/svg>\t\t\t\t\t\t\t\t\t\t\t\t\t\t\t\t\t<\/span>\n\t\t\t\t\t\t\t\t\t\t\t\t\t\t\t\t\t\t\t\t\t\t<span class=\"elementor-button-text\">Enviar<\/span>\n\t\t\t\t\t\t\t\t\t\t\t\t\t<\/span>\n\t\t\t\t\t<\/button>\n\t\t\t\t<\/div>\n\t\t\t<\/div>\n\t\t<\/form>\n\t\t\t\t\t\t<\/div>\n\t\t\t\t<\/div>\n\t\t\t\t<\/div>\n\t\t","protected":false},"excerpt":{"rendered":"<p>https:\/\/serviciosweb.ccamilo.cursoceat.es\/wp-content\/uploads\/2026\/02\/WebFactoriaBiz_Baja.mp4 PARA STARTUPS Y EMPRESAS Proyectos digitales de \u00e9xito DE IDEAS A SOLUCIONES DIGITALES De la buena idea a la soluci\u00f3n eficaz La idea ya la tienes. Ahora necesitas un aliado con experiencia que te gu\u00ede por el camino que la hace realidad. En Factor\u00edaBIZ conocemos todas las tecnolog\u00edas a tu disposici\u00f3n y aplicamos un [&hellip;]<\/p>\n","protected":false},"author":1,"featured_media":0,"parent":0,"menu_order":0,"comment_status":"closed","ping_status":"closed","template":"","meta":{"_acf_changed":false,"footnotes":""},"class_list":["post-10","page","type-page","status-publish","hentry"],"acf":[],"_links":{"self":[{"href":"https:\/\/serviciosweb.ccamilo.cursoceat.es\/index.php\/wp-json\/wp\/v2\/pages\/10","targetHints":{"allow":["GET"]}}],"collection":[{"href":"https:\/\/serviciosweb.ccamilo.cursoceat.es\/index.php\/wp-json\/wp\/v2\/pages"}],"about":[{"href":"https:\/\/serviciosweb.ccamilo.cursoceat.es\/index.php\/wp-json\/wp\/v2\/types\/page"}],"author":[{"embeddable":true,"href":"https:\/\/serviciosweb.ccamilo.cursoceat.es\/index.php\/wp-json\/wp\/v2\/users\/1"}],"replies":[{"embeddable":true,"href":"https:\/\/serviciosweb.ccamilo.cursoceat.es\/index.php\/wp-json\/wp\/v2\/comments?post=10"}],"version-history":[{"count":97,"href":"https:\/\/serviciosweb.ccamilo.cursoceat.es\/index.php\/wp-json\/wp\/v2\/pages\/10\/revisions"}],"predecessor-version":[{"id":281,"href":"https:\/\/serviciosweb.ccamilo.cursoceat.es\/index.php\/wp-json\/wp\/v2\/pages\/10\/revisions\/281"}],"wp:attachment":[{"href":"https:\/\/serviciosweb.ccamilo.cursoceat.es\/index.php\/wp-json\/wp\/v2\/media?parent=10"}],"curies":[{"name":"wp","href":"https:\/\/api.w.org\/{rel}","templated":true}]}}